{"id":10,"date":"2022-01-09T12:56:43","date_gmt":"2022-01-09T11:56:43","guid":{"rendered":"http:\/\/511707304.swh.strato-hosting.eu\/www\/?page_id=8"},"modified":"2025-01-26T09:00:38","modified_gmt":"2025-01-26T08:00:38","slug":"angebote","status":"publish","type":"page","link":"https:\/\/selbsthilfedrei.de\/?page_id=10","title":{"rendered":"Angebote"},"content":{"rendered":"\n<h3 class=\"wp-block-heading has-medium-font-size\" id=\"unterstutzende-gesprache\">Unterst\u00fctzende Gespr\u00e4che<\/h3>\n\n\n\n<h4 class=\"wp-block-heading has-medium-font-size\">Wir k\u00f6nnen:<\/h4>\n\n\n\n<ul class=\"wp-block-list\">\n<li>Zuh\u00f6ren \u2013 vorurteilsfrei und offen<\/li>\n\n\n\n<li>eigene Erfahrungen und Wissen zur Verf\u00fcgung stellen<\/li>\n\n\n\n<li>Informieren zum Umgang mit Medikamenten<\/li>\n\n\n\n<li>Ermutigen zu alternativen Sichtweisen und zum offenen Gespr\u00e4ch mit allen beteiligten Personen<\/li>\n\n\n\n<li>zu Beratungsstellen, Selbsthilfegruppen u. \u00e4. vermitteln<\/li>\n<\/ul>\n\n\n\n<p>Hinweis: Wir k\u00f6nnen keine Therapie anbieten und auch nicht ersetzen.<\/p>\n\n\n\n<h4 class=\"wp-block-heading has-medium-font-size\">Offene Sprechzeit<\/h4>\n\n\n\n<p><strong>Unsere Sprechzeiten sind donnerstags 15 \u2013 17 Uhr (telefonisch unter 0351 \u2013 497 698 29).<\/strong><\/p>\n\n\n\n<p>Individuelle Termine sind nach Absprache m\u00f6glich.<\/p>\n\n\n\n<h3 class=\"wp-block-heading has-medium-font-size\" id=\"besuche-und-begleitung\">Besuche und Begleitung<\/h3>\n\n\n\n<p>Sofern es unsere M\u00f6glichkeiten\/Kapazit\u00e4ten zulassen, k\u00f6nnen wir auf Wunsch Menschen in Kliniken besuchen oder zu Beh\u00f6rden begleiten. (nur\/vorrangig in DD)<\/p>\n\n\n\n<h3 class=\"wp-block-heading has-medium-font-size\" id=\"bibliothek-in-dresden\">Bibliothek in Dresden<\/h3>\n\n\n\n<p>Es steht eine kleine Bibliothek zu psychiatrischen und psychosozialen Themen zur Verf\u00fcgung. Mitglieder k\u00f6nnen sich B\u00fccher auch ausleihen.<\/p>\n","protected":false},"excerpt":{"rendered":"<p>Unterst\u00fctzende Gespr\u00e4che Wir k\u00f6nnen: Hinweis: Wir k\u00f6nnen keine Therapie anbieten und auch nicht ersetzen. Offene Sprechzeit Unsere Sprechzeiten sind donnerstags 15 \u2013 17 Uhr (telefonisch unter 0351 \u2013 497 698 [&hellip;]<\/p>\n","protected":false},"author":1,"featured_media":0,"parent":0,"menu_order":0,"comment_status":"closed","ping_status":"closed","template":"","meta":{"footnotes":""},"class_list":["post-10","page","type-page","status-publish","hentry"],"blocksy_meta":{"styles_descriptor":{"styles":{"desktop":"","tablet":"","mobile":""},"google_fonts":[],"version":6}},"_links":{"self":[{"href":"https:\/\/selbsthilfedrei.de\/index.php?rest_route=\/wp\/v2\/pages\/10","targetHints":{"allow":["GET"]}}],"collection":[{"href":"https:\/\/selbsthilfedrei.de\/index.php?rest_route=\/wp\/v2\/pages"}],"about":[{"href":"https:\/\/selbsthilfedrei.de\/index.php?rest_route=\/wp\/v2\/types\/page"}],"author":[{"embeddable":true,"href":"https:\/\/selbsthilfedrei.de\/index.php?rest_route=\/wp\/v2\/users\/1"}],"replies":[{"embeddable":true,"href":"https:\/\/selbsthilfedrei.de\/index.php?rest_route=%2Fwp%2Fv2%2Fcomments&post=10"}],"version-history":[{"count":10,"href":"https:\/\/selbsthilfedrei.de\/index.php?rest_route=\/wp\/v2\/pages\/10\/revisions"}],"predecessor-version":[{"id":372,"href":"https:\/\/selbsthilfedrei.de\/index.php?rest_route=\/wp\/v2\/pages\/10\/revisions\/372"}],"wp:attachment":[{"href":"https:\/\/selbsthilfedrei.de\/index.php?rest_route=%2Fwp%2Fv2%2Fmedia&parent=10"}],"curies":[{"name":"wp","href":"https:\/\/api.w.org\/{rel}","templated":true}]}}