{"id":9,"date":"2022-01-09T12:52:47","date_gmt":"2022-01-09T11:52:47","guid":{"rendered":"http:\/\/511707304.swh.strato-hosting.eu\/www\/?page_id=6"},"modified":"2025-01-26T09:00:12","modified_gmt":"2025-01-26T08:00:12","slug":"startseite","status":"publish","type":"page","link":"https:\/\/selbsthilfedrei.de\/","title":{"rendered":"Startseite"},"content":{"rendered":"\n<p>Das Selbsthilfenetzwerk f\u00fcr seelische Gesundheit in Sachsen wurde 2006 von Selbsthilfegruppenvertretern aus Dresden, Zwickau, Leipzig und D\u00f6beln ins Leben gerufen und lebt nun durch regelm\u00e4\u00dfige Kontakte und gemeinsame Aktivit\u00e4ten. Im Laufe der Jahre kamen Menschen aus den Regionen Annaberg-Buchholz und Plauen dazu.<\/p>\n\n\n\n<div class=\"wp-block-media-text alignwide has-media-on-the-right is-stacked-on-mobile\" style=\"grid-template-columns:auto 29%\"><div class=\"wp-block-media-text__content\">\n<p>Seit 2019 sind wir als&nbsp;<strong>Selbsthilfedrei e.V.<\/strong>&nbsp;ein eingetragener Verein.<\/p>\n\n\n\n<p>Der Verein ist als&nbsp;<strong>s\u00e4chsische Landesorganisation<\/strong>&nbsp;Teil des&nbsp;<strong>Bundesverbandes Psychiatrie-Erfahrener (BPE) e.V<\/strong><\/p>\n\n\n\n<p>Wir arbeiten zusammen mit<\/p>\n\n\n\n<ul class=\"wp-block-list\">\n<li>Kontakt- und Informationsstellen f\u00fcr Selbsthilfegruppen (KISS)<\/li>\n\n\n\n<li>Landesarbeitsgemeinschaft Selbsthilfe (LAG SH) Sachsen e.V.<\/li>\n\n\n\n<li>EX-IN Sachsen e.V.<\/li>\n\n\n\n<li>Lebendiger leben! e.V.<\/li>\n\n\n\n<li>Angeh\u00f6rigenverb\u00e4nde<\/li>\n\n\n\n<li>Tr\u00e4gern von Einrichtungen im Gesundheitswesen<\/li>\n<\/ul>\n<\/div><figure class=\"wp-block-media-text__media\"><img loading=\"lazy\" decoding=\"async\" width=\"1024\" height=\"703\" src=\"https:\/\/selbsthilfedrei.de\/wp-content\/uploads\/2022\/01\/shnw-logo-1024x703.jpg\" alt=\"\" class=\"wp-image-83 size-large\" srcset=\"https:\/\/selbsthilfedrei.de\/wp-content\/uploads\/2022\/01\/shnw-logo-1024x703.jpg 1024w, https:\/\/selbsthilfedrei.de\/wp-content\/uploads\/2022\/01\/shnw-logo-300x206.jpg 300w, https:\/\/selbsthilfedrei.de\/wp-content\/uploads\/2022\/01\/shnw-logo-768x527.jpg 768w, https:\/\/selbsthilfedrei.de\/wp-content\/uploads\/2022\/01\/shnw-logo.jpg 1239w\" sizes=\"auto, (max-width: 1024px) 100vw, 1024px\" \/><\/figure><\/div>\n\n\n\n<p><strong>Weitere Interessenten sind herzlich willkommen<\/strong>,<br>insbesondere Menschen, die psychiatrisch behandelt wurden oder werden, aber auch \u201eAngeh\u00f6rige\u201c und \u201eProfis\u201c sowie alle Menschen, die unsere Ziele teilen. <\/p>\n\n\n\n<p><\/p>\n","protected":false},"excerpt":{"rendered":"<p>Das Selbsthilfenetzwerk f\u00fcr seelische Gesundheit in Sachsen wurde 2006 von Selbsthilfegruppenvertretern aus Dresden, Zwickau, Leipzig und D\u00f6beln ins Leben gerufen und lebt nun durch regelm\u00e4\u00dfige Kontakte und gemeinsame Aktivit\u00e4ten. Im [&hellip;]<\/p>\n","protected":false},"author":1,"featured_media":0,"parent":0,"menu_order":0,"comment_status":"closed","ping_status":"closed","template":"","meta":{"footnotes":""},"class_list":["post-9","page","type-page","status-publish","hentry"],"blocksy_meta":{"styles_descriptor":{"styles":{"desktop":"","tablet":"","mobile":""},"google_fonts":[],"version":6}},"_links":{"self":[{"href":"https:\/\/selbsthilfedrei.de\/index.php?rest_route=\/wp\/v2\/pages\/9","targetHints":{"allow":["GET"]}}],"collection":[{"href":"https:\/\/selbsthilfedrei.de\/index.php?rest_route=\/wp\/v2\/pages"}],"about":[{"href":"https:\/\/selbsthilfedrei.de\/index.php?rest_route=\/wp\/v2\/types\/page"}],"author":[{"embeddable":true,"href":"https:\/\/selbsthilfedrei.de\/index.php?rest_route=\/wp\/v2\/users\/1"}],"replies":[{"embeddable":true,"href":"https:\/\/selbsthilfedrei.de\/index.php?rest_route=%2Fwp%2Fv2%2Fcomments&post=9"}],"version-history":[{"count":21,"href":"https:\/\/selbsthilfedrei.de\/index.php?rest_route=\/wp\/v2\/pages\/9\/revisions"}],"predecessor-version":[{"id":371,"href":"https:\/\/selbsthilfedrei.de\/index.php?rest_route=\/wp\/v2\/pages\/9\/revisions\/371"}],"wp:attachment":[{"href":"https:\/\/selbsthilfedrei.de\/index.php?rest_route=%2Fwp%2Fv2%2Fmedia&parent=9"}],"curies":[{"name":"wp","href":"https:\/\/api.w.org\/{rel}","templated":true}]}}